{"id":10208,"date":"2024-11-28T15:46:52","date_gmt":"2024-11-28T14:46:52","guid":{"rendered":"https:\/\/pssplock.pl\/?page_id=10208"},"modified":"2025-10-20T08:20:32","modified_gmt":"2025-10-20T06:20:32","slug":"kampania-edukacyjno-informacyjna-o-przeciwdzialaniu-marnowania-zywnosci","status":"publish","type":"page","link":"https:\/\/pssplock.pl\/index.php\/kampania-edukacyjno-informacyjna-o-przeciwdzialaniu-marnowania-zywnosci\/","title":{"rendered":"Kampania edukacyjno-informacyjna o przeciwdzia\u0142aniu marnowania \u017cywno\u015bci"},"content":{"rendered":"\n<p>W zwi\u0105zku z obowi\u0105zkiem wynikaj\u0105cym z &#8222;Ustawy z dnia 19 lipca 2019 r. o przeciwdzia\u0142aniu marnowaniu \u017cywno\u015bci&#8221; &#8211; art. 5 pkt.10 niniejszej ustawy, Spo\u0142em Powszechna Sp\u00f3\u0142dzielnia Spo\u017cywc\u00f3w &#8222;Zgoda&#8221; w P\u0142ocku informuje:<\/p>\n\n\n\n<p>Warto\u015b\u0107 przekazanej \u017cywno\u015bci organizacjom pozarz\u0105dowym w roku 2022 wynosi 139 433,49 z\u0142.<br>Warto\u015b\u0107 przekazanej \u017cywno\u015bci organizacjom pozarz\u0105dowym w roku 2023 wynosi 135 335,87 z\u0142.<\/p>\n\n\n\n<p>Warto\u015b\u0107 przekazanej \u017cywno\u015bci organizacjom pozarz\u0105dowym w roku 2024 wynosi 93 745,07 z\u0142.<\/p>\n\n\n\n<p><\/p>\n","protected":false},"excerpt":{"rendered":"<p>W zwi\u0105zku z obowi\u0105zkiem wynikaj\u0105cym z &#8222;Ustawy z dnia 19 lipca 2019 r. o przeciwdzia\u0142aniu marnowaniu \u017cywno\u015bci&#8221; &#8211; art. 5 pkt.10 niniejszej ustawy, Spo\u0142em Powszechna Sp\u00f3\u0142dzielnia Spo\u017cywc\u00f3w &#8222;Zgoda&#8221; w P\u0142ocku informuje: Warto\u015b\u0107 przekazanej \u017cywno\u015bci organizacjom pozarz\u0105dowym w roku 2022 wynosi 139 433,49 z\u0142.Warto\u015b\u0107 przekazanej \u017cywno\u015bci organizacjom pozarz\u0105dowym w roku 2023 wynosi 135 335,87 z\u0142. Warto\u015b\u0107 &hellip; <\/p>\n<p class=\"link-more\"><a href=\"https:\/\/pssplock.pl\/index.php\/kampania-edukacyjno-informacyjna-o-przeciwdzialaniu-marnowania-zywnosci\/\" class=\"more-link\">Czytaj dalej<span class=\"screen-reader-text\"> Kampania edukacyjno-informacyjna o przeciwdzia\u0142aniu marnowania \u017cywno\u015bci<\/span><\/a><\/p>\n","protected":false},"author":1,"featured_media":0,"parent":0,"menu_order":0,"comment_status":"closed","ping_status":"closed","template":"","meta":{"footnotes":""},"class_list":["post-10208","page","type-page","status-publish","hentry"],"_links":{"self":[{"href":"https:\/\/pssplock.pl\/index.php\/wp-json\/wp\/v2\/pages\/10208","targetHints":{"allow":["GET"]}}],"collection":[{"href":"https:\/\/pssplock.pl\/index.php\/wp-json\/wp\/v2\/pages"}],"about":[{"href":"https:\/\/pssplock.pl\/index.php\/wp-json\/wp\/v2\/types\/page"}],"author":[{"embeddable":true,"href":"https:\/\/pssplock.pl\/index.php\/wp-json\/wp\/v2\/users\/1"}],"replies":[{"embeddable":true,"href":"https:\/\/pssplock.pl\/index.php\/wp-json\/wp\/v2\/comments?post=10208"}],"version-history":[{"count":9,"href":"https:\/\/pssplock.pl\/index.php\/wp-json\/wp\/v2\/pages\/10208\/revisions"}],"predecessor-version":[{"id":13347,"href":"https:\/\/pssplock.pl\/index.php\/wp-json\/wp\/v2\/pages\/10208\/revisions\/13347"}],"wp:attachment":[{"href":"https:\/\/pssplock.pl\/index.php\/wp-json\/wp\/v2\/media?parent=10208"}],"curies":[{"name":"wp","href":"https:\/\/api.w.org\/{rel}","templated":true}]}}