{"id":457,"date":"2022-04-12T01:18:58","date_gmt":"2022-04-11T23:18:58","guid":{"rendered":"http:\/\/pssplock.pl\/?page_id=457"},"modified":"2026-04-08T08:16:37","modified_gmt":"2026-04-08T06:16:37","slug":"punktomaniacy-2","status":"publish","type":"page","link":"https:\/\/pssplock.pl\/index.php\/punktomaniacy-2\/","title":{"rendered":"Aplikacja Topapka"},"content":{"rendered":"\n<div class=\"wp-block-columns is-layout-flex wp-container-core-columns-is-layout-9d6595d7 wp-block-columns-is-layout-flex\">\n<div class=\"wp-block-column is-layout-flow wp-block-column-is-layout-flow\">\n<p><\/p>\n\n\n\n<p>Szanowny Kliencie!<\/p>\n\n\n\n<p>Zmieniamy si\u0119 dla Ciebie!<br>Dotychczasowy program Punktomaniacy zast\u0119pujemy now\u0105, wygodn\u0105 aplikacj\u0105 Topapka.<br>Pracujemy nad ostatnimi szczeg\u00f3\u0142ami, aby korzystanie z niej by\u0142o jeszcze prostsze i przyjemniejsze.<br>Wkr\u00f3tce podamy wi\u0119cej informacji \u2013 b\u0105d\u017a z nami na bie\u017c\u0105co!<\/p>\n\n\n\n<p class=\"has-text-color\" style=\"color:#ff0004\"><\/p>\n<\/div>\n\n\n\n<div class=\"wp-block-column is-layout-flow wp-block-column-is-layout-flow\">\n<p><\/p>\n<\/div>\n<\/div>\n\n\n\n<p><\/p>\n","protected":false},"excerpt":{"rendered":"<p>Szanowny Kliencie! Zmieniamy si\u0119 dla Ciebie!Dotychczasowy program Punktomaniacy zast\u0119pujemy now\u0105, wygodn\u0105 aplikacj\u0105 Topapka.Pracujemy nad ostatnimi szczeg\u00f3\u0142ami, aby korzystanie z niej by\u0142o jeszcze prostsze i przyjemniejsze.Wkr\u00f3tce podamy wi\u0119cej informacji \u2013 b\u0105d\u017a z nami na bie\u017c\u0105co!<\/p>\n","protected":false},"author":1,"featured_media":0,"parent":0,"menu_order":0,"comment_status":"closed","ping_status":"closed","template":"","meta":{"footnotes":""},"class_list":["post-457","page","type-page","status-publish","hentry"],"_links":{"self":[{"href":"https:\/\/pssplock.pl\/index.php\/wp-json\/wp\/v2\/pages\/457","targetHints":{"allow":["GET"]}}],"collection":[{"href":"https:\/\/pssplock.pl\/index.php\/wp-json\/wp\/v2\/pages"}],"about":[{"href":"https:\/\/pssplock.pl\/index.php\/wp-json\/wp\/v2\/types\/page"}],"author":[{"embeddable":true,"href":"https:\/\/pssplock.pl\/index.php\/wp-json\/wp\/v2\/users\/1"}],"replies":[{"embeddable":true,"href":"https:\/\/pssplock.pl\/index.php\/wp-json\/wp\/v2\/comments?post=457"}],"version-history":[{"count":5,"href":"https:\/\/pssplock.pl\/index.php\/wp-json\/wp\/v2\/pages\/457\/revisions"}],"predecessor-version":[{"id":14845,"href":"https:\/\/pssplock.pl\/index.php\/wp-json\/wp\/v2\/pages\/457\/revisions\/14845"}],"wp:attachment":[{"href":"https:\/\/pssplock.pl\/index.php\/wp-json\/wp\/v2\/media?parent=457"}],"curies":[{"name":"wp","href":"https:\/\/api.w.org\/{rel}","templated":true}]}}