{"id":678,"date":"2022-05-09T01:00:28","date_gmt":"2022-05-08T23:00:28","guid":{"rendered":"http:\/\/pssplock.pl\/?page_id=678"},"modified":"2023-07-03T15:56:52","modified_gmt":"2023-07-03T13:56:52","slug":"wyroby-2","status":"publish","type":"page","link":"https:\/\/pssplock.pl\/index.php\/wyroby-2\/","title":{"rendered":"Wyroby"},"content":{"rendered":"<div style=\"width: 100%; margin: 0 auto;\">\n<div class=\"row\">\n<div class=\"col-sm-4\">\n<div class=\"zoom\" style=\"border-bottom-right-radius: 20px; margin: 10px; padding: 110px 0; text-align: center; background: url('http:\/\/pssplock.pl\/wp-content\/uploads\/2022\/05\/pszenne.jpg'); background-size: 100%;\"><a href=\"http:\/\/pssplock.pl\/index.php\/pieczywo-pszenne\/\"><button style=\"background: #00a651; font-size: 20px; font-weight: 200; border-bottom: red solid 6px;\">Pieczywo pszenne<\/button><\/a><\/div>\n<\/div>\n<div class=\"col-sm-4\">\n<div class=\"zoom\" style=\"border-bottom-right-radius: 20px; margin: 10px; padding: 110px 0; text-align: center; background: url('https:\/\/pssplock.pl\/wp-content\/uploads\/2023\/07\/d-scaled.jpg'); background-size: 120%;\"><a href=\"http:\/\/pssplock.pl\/index.php\/pieczywo-razowe\/\"><button style=\"background: #00a651; font-size: 20px; font-weight: 200; border-bottom: red solid 6px;\">Pieczywo razowe<\/button><\/a><\/div>\n<\/div>\n<div class=\"col-sm-4\">\n<div class=\"zoom\" style=\"border-bottom-right-radius: 20px; margin: 10px; padding: 110px 0; text-align: center; background: url('http:\/\/pssplock.pl\/wp-content\/uploads\/2022\/05\/zytnie.jpg'); background-size: 100%;\"><a href=\"http:\/\/pssplock.pl\/index.php\/pieczywo-zytnie\/\"><button style=\"background: #00a651; font-size: 20px; font-weight: 200; border-bottom: red solid 6px;\">Pieczywo \u017cytnie<\/button><\/a><\/div>\n<\/div>\n<\/div>\n<div style=\"width: 100%; margin: 0 auto;\">\n<div class=\"row\">\n<div class=\"col-sm-4\">\n<div class=\"zoom\" style=\"border-bottom-right-radius: 20px; margin: 10px; padding: 110px 0; text-align: center; background: url('http:\/\/pssplock.pl\/wp-content\/uploads\/2022\/05\/mieszane.jpg'); background-size: 100%;\"><a href=\"http:\/\/pssplock.pl\/index.php\/pieczywo-mieszane\/\"><button style=\"background: #00a651; font-size: 20px; font-weight: 200; border-bottom: red solid 6px;\">Pieczywo mieszane<\/button><\/a><\/div>\n<\/div>\n<div class=\"col-sm-4\">\n<div class=\"zoom\" style=\"border-bottom-right-radius: 20px; margin: 10px; padding: 95px 0; text-align: center; background: url('http:\/\/pssplock.pl\/wp-content\/uploads\/2022\/05\/polcukiernicze.jpg'); background-size: 100%;\"><a href=\"http:\/\/pssplock.pl\/index.php\/pieczywo-polcukiernicze-i-wyroby-cukiernicze\/\"><button style=\"background: #00a651; font-size: 20px; font-weight: 200; border-bottom: red solid 6px;\">Pieczywo p\u00f3\u0142cukiernicze<br \/>\ni wyroby cukiernicze<\/button><\/a><\/div>\n<\/div>\n<div class=\"col-sm-4\">\n<div class=\"zoom\" style=\"border-bottom-right-radius: 20px; margin: 10px; padding: 110px 0; text-align: center; background: url('http:\/\/pssplock.pl\/wp-content\/uploads\/2022\/05\/specjalne.jpg'); background-size: 100%;\"><a href=\"http:\/\/pssplock.pl\/index.php\/specjalne-wypieki\/\"><button style=\"background: #00a651; font-size: 20px; font-weight: 200; border-bottom: red solid 6px;\">Wypieki specjalne<\/button><\/a><\/div>\n<\/div>\n<\/div>\n<\/div>\n<\/div>\n","protected":false},"excerpt":{"rendered":"<p>Pieczywo pszenne Pieczywo razowe Pieczywo \u017cytnie Pieczywo mieszane Pieczywo p\u00f3\u0142cukiernicze i wyroby cukiernicze Wypieki specjalne<\/p>\n","protected":false},"author":1,"featured_media":0,"parent":0,"menu_order":0,"comment_status":"closed","ping_status":"closed","template":"","meta":{"footnotes":""},"class_list":["post-678","page","type-page","status-publish","hentry"],"_links":{"self":[{"href":"https:\/\/pssplock.pl\/index.php\/wp-json\/wp\/v2\/pages\/678","targetHints":{"allow":["GET"]}}],"collection":[{"href":"https:\/\/pssplock.pl\/index.php\/wp-json\/wp\/v2\/pages"}],"about":[{"href":"https:\/\/pssplock.pl\/index.php\/wp-json\/wp\/v2\/types\/page"}],"author":[{"embeddable":true,"href":"https:\/\/pssplock.pl\/index.php\/wp-json\/wp\/v2\/users\/1"}],"replies":[{"embeddable":true,"href":"https:\/\/pssplock.pl\/index.php\/wp-json\/wp\/v2\/comments?post=678"}],"version-history":[{"count":22,"href":"https:\/\/pssplock.pl\/index.php\/wp-json\/wp\/v2\/pages\/678\/revisions"}],"predecessor-version":[{"id":5205,"href":"https:\/\/pssplock.pl\/index.php\/wp-json\/wp\/v2\/pages\/678\/revisions\/5205"}],"wp:attachment":[{"href":"https:\/\/pssplock.pl\/index.php\/wp-json\/wp\/v2\/media?parent=678"}],"curies":[{"name":"wp","href":"https:\/\/api.w.org\/{rel}","templated":true}]}}